{"id":6641,"date":"2025-07-10T17:51:06","date_gmt":"2025-07-10T22:51:06","guid":{"rendered":"https:\/\/cafedelverde.com\/?page_id=6641"},"modified":"2025-07-10T18:04:48","modified_gmt":"2025-07-10T23:04:48","slug":"distribuidores","status":"publish","type":"page","link":"https:\/\/cafedelverde.com\/en\/distribuidores\/","title":{"rendered":"Distribuidores"},"content":{"rendered":"<div data-elementor-type=\"wp-page\" data-elementor-id=\"6641\" class=\"elementor elementor-6641\">\n\t\t\t\t<div class=\"elementor-element elementor-element-d44231c e-flex e-con-boxed e-con e-parent\" data-id=\"d44231c\" data-element_type=\"container\" data-e-type=\"container\">\n\t\t\t\t\t<div class=\"e-con-inner\">\n\t\t<div class=\"elementor-element elementor-element-f754991 e-con-full e-flex e-con e-child\" data-id=\"f754991\" data-element_type=\"container\" data-e-type=\"container\">\n\t\t\t\t<div class=\"elementor-element elementor-element-5fd1260 elementor-widget elementor-widget-eael-fancy-text\" data-id=\"5fd1260\" data-element_type=\"widget\" data-e-type=\"widget\" data-widget_type=\"eael-fancy-text.default\">\n\t\t\t\t<div class=\"elementor-widget-container\">\n\t\t\t\t\t\n\t<div  class=\"eael-fancy-text-container style-1\" data-fancy-text-id=\"5fd1260\" data-fancy-text=\"|Primera cadena|Segunda cadena|Tercera cadena\" data-fancy-text-transition-type=\"typing\" data-fancy-text-speed=\"50\" data-fancy-text-delay=\"2500\" data-fancy-text-cursor=\"yes\" data-fancy-text-loop=\"yes\" data-fancy-text-action=\"page_load\" >\n\t\t\t\t\t<span class=\"eael-fancy-text-prefix\">Este es el  <\/span>\n\t\t\n\t\t\n\t\t\t\t\t<span id=\"eael-fancy-text-5fd1260\" class=\"eael-fancy-text-strings solid-color\">\n\t\t\t\t<noscript>\n\t\t\t\t\tPrimera cadena, Segunda cadena, Tercera cadena\t\t\t\t<\/noscript>\n\t\t\t<\/span>\n\t\t\n\t\t\t\t\t<span class=\"eael-fancy-text-suffix\">  de la frase.<\/span>\n\t\t\t<\/div><!-- close .eael-fancy-text-container -->\n\n\t<div class=\"clearfix\"><\/div>\n\n\t\t\t\t\t<\/div>\n\t\t\t\t<\/div>\n\t\t\t\t<div class=\"elementor-element elementor-element-5a3239e subtitle-position-below elementor-widget elementor-widget-agrile-heading\" data-id=\"5a3239e\" data-element_type=\"widget\" data-e-type=\"widget\" data-widget_type=\"agrile-heading.default\">\n\t\t\t\t<div class=\"elementor-widget-container\">\n\t\t\t\t\t<div class=\"elementor-heading-wrapper-inner\"><h2 class=\"elementor-heading-title elementor-size-default\">Add Your Heading Text Here<\/h2><div class=\"elementor-sub-title\"><span>Add Your Sub Title Text Here<\/span><\/div><\/div>\t\t\t\t<\/div>\n\t\t\t\t<\/div>\n\t\t\t\t<div class=\"elementor-element elementor-element-348ca50 tabs-style-agrile-yes e-n-tabs-mobile elementor-widget elementor-widget-n-tabs\" data-id=\"348ca50\" data-element_type=\"widget\" data-e-type=\"widget\" data-settings=\"{&quot;horizontal_scroll&quot;:&quot;disable&quot;}\" data-widget_type=\"nested-tabs.default\">\n\t\t\t\t<div class=\"elementor-widget-container\">\n\t\t\t\t\t\t\t<div class=\"e-n-tabs\" data-widget-number=\"55102032\" aria-label=\"Tabs. Open items with Enter or Space, close with Escape and navigate using the Arrow keys.\">\n\t\t\t<div class=\"e-n-tabs-heading\" role=\"tablist\">\n\t\t\t\t\t<button id=\"e-n-tab-title-551020321\" data-tab-title-id=\"e-n-tab-title-551020321\" class=\"e-n-tab-title\" aria-selected=\"true\" data-tab-index=\"1\" role=\"tab\" tabindex=\"0\" aria-controls=\"e-n-tab-content-551020321\" style=\"--n-tabs-title-order: 1;\">\n\t\t\t\t\t\t<span class=\"e-n-tab-title-text\">\n\t\t\t\tPesta\u00f1a #1\t\t\t<\/span>\n\t\t<\/button>\n\t\t\t\t<button id=\"e-n-tab-title-551020322\" data-tab-title-id=\"e-n-tab-title-551020322\" class=\"e-n-tab-title\" aria-selected=\"false\" data-tab-index=\"2\" role=\"tab\" tabindex=\"-1\" aria-controls=\"e-n-tab-content-551020322\" style=\"--n-tabs-title-order: 2;\">\n\t\t\t\t\t\t<span class=\"e-n-tab-title-text\">\n\t\t\t\tPesta\u00f1a #2\t\t\t<\/span>\n\t\t<\/button>\n\t\t\t\t<button id=\"e-n-tab-title-551020323\" data-tab-title-id=\"e-n-tab-title-551020323\" class=\"e-n-tab-title\" aria-selected=\"false\" data-tab-index=\"3\" role=\"tab\" tabindex=\"-1\" aria-controls=\"e-n-tab-content-551020323\" style=\"--n-tabs-title-order: 3;\">\n\t\t\t\t\t\t<span class=\"e-n-tab-title-text\">\n\t\t\t\tTab #3\t\t\t<\/span>\n\t\t<\/button>\n\t\t\t\t\t<\/div>\n\t\t\t<div class=\"e-n-tabs-content\">\n\t\t\t\t<div id=\"e-n-tab-content-551020321\" role=\"tabpanel\" aria-labelledby=\"e-n-tab-title-551020321\" data-tab-index=\"1\" style=\"--n-tabs-title-order: 1;\" class=\"e-active elementor-element elementor-element-12cde6c e-con-full e-flex e-con e-child\" data-id=\"12cde6c\" data-element_type=\"container\" data-e-type=\"container\">\n\t\t\t\t<\/div>\n\t\t<div id=\"e-n-tab-content-551020322\" role=\"tabpanel\" aria-labelledby=\"e-n-tab-title-551020322\" data-tab-index=\"2\" style=\"--n-tabs-title-order: 2;\" class=\"elementor-element elementor-element-cdae9dd e-con-full e-flex e-con e-child\" data-id=\"cdae9dd\" data-element_type=\"container\" data-e-type=\"container\">\n\t\t\t\t<\/div>\n\t\t<div id=\"e-n-tab-content-551020323\" role=\"tabpanel\" aria-labelledby=\"e-n-tab-title-551020323\" data-tab-index=\"3\" style=\"--n-tabs-title-order: 3;\" class=\"elementor-element elementor-element-4c26812 e-con-full e-flex e-con e-child\" data-id=\"4c26812\" data-element_type=\"container\" data-e-type=\"container\">\n\t\t\t\t<\/div>\n\t\t\t\t\t<\/div>\n\t\t<\/div>\n\t\t\t\t\t\t<\/div>\n\t\t\t\t<\/div>\n\t\t\t\t<div class=\"elementor-element elementor-element-6b9011e elementor-widget elementor-widget-eael-image-accordion\" data-id=\"6b9011e\" data-element_type=\"widget\" data-e-type=\"widget\" data-widget_type=\"eael-image-accordion.default\">\n\t\t\t\t<div class=\"elementor-widget-container\">\n\t\t\t\t\t    <div class=\"eael-img-accordion accordion-direction-horizontal eael-img-accordion-horizontal-align-center eael-img-accordion-vertical-align-center\" id=\"eael-img-accordion-6b9011e\" data-img-accordion-id=\"6b9011e\" data-img-accordion-type=\"on-hover\">\n                    \n            <div class=\"eael-image-accordion-hover eael-image-accordion-item\" style=\"background-image: url(https:\/\/cafedelverde.com\/wp-content\/plugins\/essential-addons-for-elementor-lite\/\/assets\/front-end\/img\/accordion.png);\"  tabindex=\"0\">\n                <div class=\"overlay\">\n                                        <div class=\"overlay-inner\">\n                        <h2 class=\"img-accordion-title\">Imagen de acorde\u00f3n #1<\/h2>                            <p><p>\u00a1El contenido del acorde\u00f3n de imagen va aqu\u00ed! Haz clic en el bot\u00f3n Editar para cambiar este texto.<\/p><\/p>\n                                            <\/div>\n                <\/div>\n            <\/div>\n                    \n            <div class=\"eael-image-accordion-hover eael-image-accordion-item\" style=\"background-image: url(https:\/\/cafedelverde.com\/wp-content\/plugins\/essential-addons-for-elementor-lite\/\/assets\/front-end\/img\/accordion.png);\"  tabindex=\"0\">\n                <div class=\"overlay\">\n                                        <div class=\"overlay-inner\">\n                        <h2 class=\"img-accordion-title\">Imagen de acorde\u00f3n #2<\/h2>                            <p><p>\u00a1El contenido del acorde\u00f3n de imagen va aqu\u00ed! Haz clic en el bot\u00f3n Editar para cambiar este texto.<\/p><\/p>\n                                            <\/div>\n                <\/div>\n            <\/div>\n                    \n            <div class=\"eael-image-accordion-hover eael-image-accordion-item\" style=\"background-image: url(https:\/\/cafedelverde.com\/wp-content\/plugins\/essential-addons-for-elementor-lite\/\/assets\/front-end\/img\/accordion.png);\"  tabindex=\"0\">\n                <div class=\"overlay\">\n                                        <div class=\"overlay-inner\">\n                        <h2 class=\"img-accordion-title\">Imagen de acorde\u00f3n #3<\/h2>                            <p><p>\u00a1El contenido del acorde\u00f3n de imagen va aqu\u00ed! Haz clic en el bot\u00f3n Editar para cambiar este texto.<\/p><\/p>\n                                            <\/div>\n                <\/div>\n            <\/div>\n                    \n            <div class=\"eael-image-accordion-hover eael-image-accordion-item\" style=\"background-image: url(https:\/\/cafedelverde.com\/wp-content\/plugins\/essential-addons-for-elementor-lite\/\/assets\/front-end\/img\/accordion.png);\"  tabindex=\"0\">\n                <div class=\"overlay\">\n                                        <div class=\"overlay-inner\">\n                        <h2 class=\"img-accordion-title\">Imagen de acorde\u00f3n #4<\/h2>                            <p><p>\u00a1El contenido del acorde\u00f3n de imagen va aqu\u00ed! Haz clic en el bot\u00f3n Editar para cambiar este texto.<\/p><\/p>\n                                            <\/div>\n                <\/div>\n            <\/div>\n                <\/div>\n        <style typr=\"text\/css\">\n                    #eael-img-accordion-6b9011e .eael-image-accordion-hover:hover {\n                        flex: 3 1 0% !important;\n                    }\n                    #eael-img-accordion-6b9011e .eael-image-accordion-hover:hover:hover .overlay-inner * {\n                        opacity: 1;\n                        visibility: visible;\n                        transform: none;\n                        transition: all .3s .3s;\n                    }\n                <\/style>\t\t\t\t<\/div>\n\t\t\t\t<\/div>\n\t\t\t\t<div class=\"elementor-element elementor-element-6247860 elementor-button-success elementor-align-center elementor-widget elementor-widget-agrile-button\" data-id=\"6247860\" data-element_type=\"widget\" data-e-type=\"widget\" data-widget_type=\"agrile-button.default\">\n\t\t\t\t<div class=\"elementor-widget-container\">\n\t\t\t\t\t        <div class=\"elementor-button-wrapper\">\n            <a class=\"elementor-btn-type-default elementor-button-link elementor-button elementor-size-xl elementor-animation-sink\" href=\"#\" role=\"button\">\n                        <span class=\"elementor-button-content-wrapper\">\n\t\t\t                <span class=\"elementor-button-icon left\">\n\t\t\t\t<svg aria-hidden=\"true\" class=\"e-font-icon-svg e-fab-whatsapp\" viewbox=\"0 0 448 512\" xmlns=\"http:\/\/www.w3.org\/2000\/svg\"><path d=\"M380.9 97.1C339 55.1 283.2 32 223.9 32c-122.4 0-222 99.6-222 222 0 39.1 10.2 77.3 29.6 111L0 480l117.7-30.9c32.4 17.7 68.9 27 106.1 27h.1c122.3 0 224.1-99.6 224.1-222 0-59.3-25.2-115-67.1-157zm-157 341.6c-33.2 0-65.7-8.9-94-25.7l-6.7-4-69.8 18.3L72 359.2l-4.4-7c-18.5-29.4-28.2-63.3-28.2-98.2 0-101.7 82.8-184.5 184.6-184.5 49.3 0 95.6 19.2 130.4 54.1 34.8 34.9 56.2 81.2 56.1 130.5 0 101.8-84.9 184.6-186.6 184.6zm101.2-138.2c-5.5-2.8-32.8-16.2-37.9-18-5.1-1.9-8.8-2.8-12.5 2.8-3.7 5.6-14.3 18-17.6 21.8-3.2 3.7-6.5 4.2-12 1.4-32.6-16.3-54-29.1-75.5-66-5.7-9.8 5.7-9.1 16.3-30.3 1.8-3.7.9-6.9-.5-9.7-1.4-2.8-12.5-30.1-17.1-41.2-4.5-10.8-9.1-9.3-12.5-9.5-3.2-.2-6.9-.2-10.6-.2-3.7 0-9.7 1.4-14.8 6.9-5.1 5.6-19.4 19-19.4 46.3 0 27.3 19.9 53.7 22.6 57.4 2.8 3.7 39.1 59.7 94.8 83.8 35.2 15.2 49 16.5 66.6 13.9 10.7-1.6 32.8-13.4 37.4-26.4 4.6-13 4.6-24.1 3.2-26.4-1.3-2.5-5-3.9-10.5-6.6z\"><\/path><\/svg>\t\t\t<\/span>\n            \t\t\t<span class=\"elementor-button-text\">Cont\u00e1ctanos<\/span>\n                            <span class=\"elementor-button-icon right\">\n                    <svg aria-hidden=\"true\" class=\"e-font-icon-svg e-fab-whatsapp\" viewbox=\"0 0 448 512\" xmlns=\"http:\/\/www.w3.org\/2000\/svg\"><path d=\"M380.9 97.1C339 55.1 283.2 32 223.9 32c-122.4 0-222 99.6-222 222 0 39.1 10.2 77.3 29.6 111L0 480l117.7-30.9c32.4 17.7 68.9 27 106.1 27h.1c122.3 0 224.1-99.6 224.1-222 0-59.3-25.2-115-67.1-157zm-157 341.6c-33.2 0-65.7-8.9-94-25.7l-6.7-4-69.8 18.3L72 359.2l-4.4-7c-18.5-29.4-28.2-63.3-28.2-98.2 0-101.7 82.8-184.5 184.6-184.5 49.3 0 95.6 19.2 130.4 54.1 34.8 34.9 56.2 81.2 56.1 130.5 0 101.8-84.9 184.6-186.6 184.6zm101.2-138.2c-5.5-2.8-32.8-16.2-37.9-18-5.1-1.9-8.8-2.8-12.5 2.8-3.7 5.6-14.3 18-17.6 21.8-3.2 3.7-6.5 4.2-12 1.4-32.6-16.3-54-29.1-75.5-66-5.7-9.8 5.7-9.1 16.3-30.3 1.8-3.7.9-6.9-.5-9.7-1.4-2.8-12.5-30.1-17.1-41.2-4.5-10.8-9.1-9.3-12.5-9.5-3.2-.2-6.9-.2-10.6-.2-3.7 0-9.7 1.4-14.8 6.9-5.1 5.6-19.4 19-19.4 46.3 0 27.3 19.9 53.7 22.6 57.4 2.8 3.7 39.1 59.7 94.8 83.8 35.2 15.2 49 16.5 66.6 13.9 10.7-1.6 32.8-13.4 37.4-26.4 4.6-13 4.6-24.1 3.2-26.4-1.3-2.5-5-3.9-10.5-6.6z\"><\/path><\/svg>\t\t\t    <\/span>\n            \t\t<\/span>\n                    <\/a>\n        <\/div>\n        \t\t\t\t<\/div>\n\t\t\t\t<\/div>\n\t\t\t\t<\/div>\n\t\t\t\t\t<\/div>\n\t\t\t\t<\/div>\n\t\t\t\t<\/div>","protected":false},"excerpt":{"rendered":"<p>Este es el Primera cadena, Segunda cadena, Tercera cadena de la frase. Add Your Heading Text Here Add Your Sub Title Text Here Pesta\u00f1a #1 Pesta\u00f1a #2 Tab #3 Imagen de acorde\u00f3n #1 \u00a1El contenido del acorde\u00f3n de imagen va aqu\u00ed! Haz clic en el bot\u00f3n Editar para cambiar este texto. Imagen de acorde\u00f3n #2 [&hellip;]<\/p>\n","protected":false},"author":1,"featured_media":5808,"parent":0,"menu_order":0,"comment_status":"closed","ping_status":"closed","template":"template-homepage.php","meta":{"footnotes":""},"class_list":["post-6641","page","type-page","status-publish","has-post-thumbnail","hentry"],"yoast_head":"<!-- This site is optimized with the Yoast SEO plugin v27.4 - https:\/\/yoast.com\/product\/yoast-seo-wordpress\/ -->\n<title>Distribuidores - Delverde<\/title>\n<meta name=\"robots\" content=\"index, follow, max-snippet:-1, max-image-preview:large, max-video-preview:-1\" \/>\n<link rel=\"canonical\" href=\"https:\/\/cafedelverde.com\/en\/distribuidores\/\" \/>\n<meta property=\"og:locale\" content=\"en_US\" \/>\n<meta property=\"og:type\" content=\"article\" \/>\n<meta property=\"og:title\" content=\"Distribuidores - Delverde\" \/>\n<meta property=\"og:description\" content=\"Este es el Primera cadena, Segunda cadena, Tercera cadena de la frase. Add Your Heading Text Here Add Your Sub Title Text Here Pesta\u00f1a #1 Pesta\u00f1a #2 Tab #3 Imagen de acorde\u00f3n #1 \u00a1El contenido del acorde\u00f3n de imagen va aqu\u00ed! Haz clic en el bot\u00f3n Editar para cambiar este texto. Imagen de acorde\u00f3n #2 [&hellip;]\" \/>\n<meta property=\"og:url\" content=\"https:\/\/cafedelverde.com\/en\/distribuidores\/\" \/>\n<meta property=\"og:site_name\" content=\"Delverde\" \/>\n<meta property=\"article:publisher\" content=\"https:\/\/www.facebook.com\/CafeDelverde\" \/>\n<meta property=\"article:modified_time\" content=\"2025-07-10T23:04:48+00:00\" \/>\n<meta property=\"og:image\" content=\"https:\/\/cafedelverde.com\/wp-content\/uploads\/2025\/05\/Cafe-verde-molido.png\" \/>\n\t<meta property=\"og:image:width\" content=\"512\" \/>\n\t<meta property=\"og:image:height\" content=\"800\" \/>\n\t<meta property=\"og:image:type\" content=\"image\/png\" \/>\n<meta name=\"twitter:card\" content=\"summary_large_image\" \/>\n<meta name=\"twitter:label1\" content=\"Est. reading time\" \/>\n\t<meta name=\"twitter:data1\" content=\"1 minute\" \/>\n<script type=\"application\/ld+json\" class=\"yoast-schema-graph\">{\"@context\":\"https:\\\/\\\/schema.org\",\"@graph\":[{\"@type\":\"WebPage\",\"@id\":\"https:\\\/\\\/cafedelverde.com\\\/distribuidores\\\/\",\"url\":\"https:\\\/\\\/cafedelverde.com\\\/distribuidores\\\/\",\"name\":\"Distribuidores - Delverde\",\"isPartOf\":{\"@id\":\"https:\\\/\\\/cafedelverde.com\\\/#website\"},\"primaryImageOfPage\":{\"@id\":\"https:\\\/\\\/cafedelverde.com\\\/distribuidores\\\/#primaryimage\"},\"image\":{\"@id\":\"https:\\\/\\\/cafedelverde.com\\\/distribuidores\\\/#primaryimage\"},\"thumbnailUrl\":\"https:\\\/\\\/cafedelverde.com\\\/wp-content\\\/uploads\\\/2025\\\/05\\\/Cafe-verde-molido.png\",\"datePublished\":\"2025-07-10T22:51:06+00:00\",\"dateModified\":\"2025-07-10T23:04:48+00:00\",\"breadcrumb\":{\"@id\":\"https:\\\/\\\/cafedelverde.com\\\/distribuidores\\\/#breadcrumb\"},\"inLanguage\":\"en-US\",\"potentialAction\":[{\"@type\":\"ReadAction\",\"target\":[\"https:\\\/\\\/cafedelverde.com\\\/distribuidores\\\/\"]}]},{\"@type\":\"ImageObject\",\"inLanguage\":\"en-US\",\"@id\":\"https:\\\/\\\/cafedelverde.com\\\/distribuidores\\\/#primaryimage\",\"url\":\"https:\\\/\\\/cafedelverde.com\\\/wp-content\\\/uploads\\\/2025\\\/05\\\/Cafe-verde-molido.png\",\"contentUrl\":\"https:\\\/\\\/cafedelverde.com\\\/wp-content\\\/uploads\\\/2025\\\/05\\\/Cafe-verde-molido.png\",\"width\":512,\"height\":800},{\"@type\":\"BreadcrumbList\",\"@id\":\"https:\\\/\\\/cafedelverde.com\\\/distribuidores\\\/#breadcrumb\",\"itemListElement\":[{\"@type\":\"ListItem\",\"position\":1,\"name\":\"Home\",\"item\":\"https:\\\/\\\/cafedelverde.com\\\/\"},{\"@type\":\"ListItem\",\"position\":2,\"name\":\"Distribuidores\"}]},{\"@type\":\"WebSite\",\"@id\":\"https:\\\/\\\/cafedelverde.com\\\/#website\",\"url\":\"https:\\\/\\\/cafedelverde.com\\\/\",\"name\":\"Delverde\",\"description\":\"Transforma tu vida con el poder del Caf\u00e9 Verde Molido\",\"publisher\":{\"@id\":\"https:\\\/\\\/cafedelverde.com\\\/#organization\"},\"potentialAction\":[{\"@type\":\"SearchAction\",\"target\":{\"@type\":\"EntryPoint\",\"urlTemplate\":\"https:\\\/\\\/cafedelverde.com\\\/?s={search_term_string}\"},\"query-input\":{\"@type\":\"PropertyValueSpecification\",\"valueRequired\":true,\"valueName\":\"search_term_string\"}}],\"inLanguage\":\"en-US\"},{\"@type\":\"Organization\",\"@id\":\"https:\\\/\\\/cafedelverde.com\\\/#organization\",\"name\":\"Delverde\",\"url\":\"https:\\\/\\\/cafedelverde.com\\\/\",\"logo\":{\"@type\":\"ImageObject\",\"inLanguage\":\"en-US\",\"@id\":\"https:\\\/\\\/cafedelverde.com\\\/#\\\/schema\\\/logo\\\/image\\\/\",\"url\":\"https:\\\/\\\/cafedelverde.com\\\/wp-content\\\/uploads\\\/2025\\\/04\\\/logo-delverde-scaled.webp\",\"contentUrl\":\"https:\\\/\\\/cafedelverde.com\\\/wp-content\\\/uploads\\\/2025\\\/04\\\/logo-delverde-scaled.webp\",\"width\":1920,\"height\":1920,\"caption\":\"Delverde\"},\"image\":{\"@id\":\"https:\\\/\\\/cafedelverde.com\\\/#\\\/schema\\\/logo\\\/image\\\/\"},\"sameAs\":[\"https:\\\/\\\/www.facebook.com\\\/CafeDelverde\",\"https:\\\/\\\/www.instagram.com\\\/cafedelverde\\\/\",\"https:\\\/\\\/www.tiktok.com\\\/@cafedelverde\"]}]}<\/script>\n<!-- \/ Yoast SEO plugin. -->","yoast_head_json":{"title":"Distribuidores - Delverde","robots":{"index":"index","follow":"follow","max-snippet":"max-snippet:-1","max-image-preview":"max-image-preview:large","max-video-preview":"max-video-preview:-1"},"canonical":"https:\/\/cafedelverde.com\/en\/distribuidores\/","og_locale":"en_US","og_type":"article","og_title":"Distribuidores - Delverde","og_description":"Este es el Primera cadena, Segunda cadena, Tercera cadena de la frase. Add Your Heading Text Here Add Your Sub Title Text Here Pesta\u00f1a #1 Pesta\u00f1a #2 Tab #3 Imagen de acorde\u00f3n #1 \u00a1El contenido del acorde\u00f3n de imagen va aqu\u00ed! Haz clic en el bot\u00f3n Editar para cambiar este texto. Imagen de acorde\u00f3n #2 [&hellip;]","og_url":"https:\/\/cafedelverde.com\/en\/distribuidores\/","og_site_name":"Delverde","article_publisher":"https:\/\/www.facebook.com\/CafeDelverde","article_modified_time":"2025-07-10T23:04:48+00:00","og_image":[{"width":512,"height":800,"url":"https:\/\/cafedelverde.com\/wp-content\/uploads\/2025\/05\/Cafe-verde-molido.png","type":"image\/png"}],"twitter_card":"summary_large_image","twitter_misc":{"Est. reading time":"1 minute"},"schema":{"@context":"https:\/\/schema.org","@graph":[{"@type":"WebPage","@id":"https:\/\/cafedelverde.com\/distribuidores\/","url":"https:\/\/cafedelverde.com\/distribuidores\/","name":"Distribuidores - Delverde","isPartOf":{"@id":"https:\/\/cafedelverde.com\/#website"},"primaryImageOfPage":{"@id":"https:\/\/cafedelverde.com\/distribuidores\/#primaryimage"},"image":{"@id":"https:\/\/cafedelverde.com\/distribuidores\/#primaryimage"},"thumbnailUrl":"https:\/\/cafedelverde.com\/wp-content\/uploads\/2025\/05\/Cafe-verde-molido.png","datePublished":"2025-07-10T22:51:06+00:00","dateModified":"2025-07-10T23:04:48+00:00","breadcrumb":{"@id":"https:\/\/cafedelverde.com\/distribuidores\/#breadcrumb"},"inLanguage":"en-US","potentialAction":[{"@type":"ReadAction","target":["https:\/\/cafedelverde.com\/distribuidores\/"]}]},{"@type":"ImageObject","inLanguage":"en-US","@id":"https:\/\/cafedelverde.com\/distribuidores\/#primaryimage","url":"https:\/\/cafedelverde.com\/wp-content\/uploads\/2025\/05\/Cafe-verde-molido.png","contentUrl":"https:\/\/cafedelverde.com\/wp-content\/uploads\/2025\/05\/Cafe-verde-molido.png","width":512,"height":800},{"@type":"BreadcrumbList","@id":"https:\/\/cafedelverde.com\/distribuidores\/#breadcrumb","itemListElement":[{"@type":"ListItem","position":1,"name":"Home","item":"https:\/\/cafedelverde.com\/"},{"@type":"ListItem","position":2,"name":"Distribuidores"}]},{"@type":"WebSite","@id":"https:\/\/cafedelverde.com\/#website","url":"https:\/\/cafedelverde.com\/","name":"Delverde","description":"Transform your life with the power of Ground Green Coffee","publisher":{"@id":"https:\/\/cafedelverde.com\/#organization"},"potentialAction":[{"@type":"SearchAction","target":{"@type":"EntryPoint","urlTemplate":"https:\/\/cafedelverde.com\/?s={search_term_string}"},"query-input":{"@type":"PropertyValueSpecification","valueRequired":true,"valueName":"search_term_string"}}],"inLanguage":"en-US"},{"@type":"Organization","@id":"https:\/\/cafedelverde.com\/#organization","name":"Delverde","url":"https:\/\/cafedelverde.com\/","logo":{"@type":"ImageObject","inLanguage":"en-US","@id":"https:\/\/cafedelverde.com\/#\/schema\/logo\/image\/","url":"https:\/\/cafedelverde.com\/wp-content\/uploads\/2025\/04\/logo-delverde-scaled.webp","contentUrl":"https:\/\/cafedelverde.com\/wp-content\/uploads\/2025\/04\/logo-delverde-scaled.webp","width":1920,"height":1920,"caption":"Delverde"},"image":{"@id":"https:\/\/cafedelverde.com\/#\/schema\/logo\/image\/"},"sameAs":["https:\/\/www.facebook.com\/CafeDelverde","https:\/\/www.instagram.com\/cafedelverde\/","https:\/\/www.tiktok.com\/@cafedelverde"]}]}},"brizy_media":[],"_links":{"self":[{"href":"https:\/\/cafedelverde.com\/en\/wp-json\/wp\/v2\/pages\/6641","targetHints":{"allow":["GET"]}}],"collection":[{"href":"https:\/\/cafedelverde.com\/en\/wp-json\/wp\/v2\/pages"}],"about":[{"href":"https:\/\/cafedelverde.com\/en\/wp-json\/wp\/v2\/types\/page"}],"author":[{"embeddable":true,"href":"https:\/\/cafedelverde.com\/en\/wp-json\/wp\/v2\/users\/1"}],"replies":[{"embeddable":true,"href":"https:\/\/cafedelverde.com\/en\/wp-json\/wp\/v2\/comments?post=6641"}],"version-history":[{"count":5,"href":"https:\/\/cafedelverde.com\/en\/wp-json\/wp\/v2\/pages\/6641\/revisions"}],"predecessor-version":[{"id":6667,"href":"https:\/\/cafedelverde.com\/en\/wp-json\/wp\/v2\/pages\/6641\/revisions\/6667"}],"wp:featuredmedia":[{"embeddable":true,"href":"https:\/\/cafedelverde.com\/en\/wp-json\/wp\/v2\/media\/5808"}],"wp:attachment":[{"href":"https:\/\/cafedelverde.com\/en\/wp-json\/wp\/v2\/media?parent=6641"}],"curies":[{"name":"wp","href":"https:\/\/api.w.org\/{rel}","templated":true}]}}