{"id":3,"date":"2025-05-08T19:38:29","date_gmt":"2025-05-09T00:38:29","guid":{"rendered":"https:\/\/cafedelverde.com\/?page_id=3"},"modified":"2025-05-09T16:19:30","modified_gmt":"2025-05-09T21:19:30","slug":"privacy-policy","status":"publish","type":"page","link":"https:\/\/cafedelverde.com\/en\/privacy-policy\/","title":{"rendered":"Privacy Policy"},"content":{"rendered":"<div data-elementor-type=\"wp-page\" data-elementor-id=\"3\" class=\"elementor elementor-3\">\n\t\t\t\t<div class=\"elementor-element elementor-element-1d643f58 e-flex e-con-boxed e-con e-parent\" data-id=\"1d643f58\" data-element_type=\"container\" data-e-type=\"container\">\n\t\t\t\t\t<div class=\"e-con-inner\">\n\t\t\t\t<div class=\"elementor-element elementor-element-2a87b314 elementor-widget elementor-widget-text-editor\" data-id=\"2a87b314\" data-element_type=\"widget\" data-e-type=\"widget\" data-widget_type=\"text-editor.default\">\n\t\t\t\t<div class=\"elementor-widget-container\">\n\t\t\t\t\t\t\t\t\t\n<h2 class=\"wp-block-heading\"><b>POL\u00cdTICA DE PRIVACIDAD Y TRATAMIENTO DE DATOS PERSONALES<\/b><\/h2>\n<p><b>Fecha de \u00faltima actualizaci\u00f3n:<\/b><span style=\"font-weight: 400;\"> 8 de mayo de 2025<\/span><span style=\"font-weight: 400;\"><br \/><\/span> <b>Responsable del tratamiento:<\/b><span style=\"font-weight: 400;\"> ORGANICODE S.A.S.<\/span><span style=\"font-weight: 400;\"><br \/><\/span> <b>NIT:<\/b><span style=\"font-weight: 400;\"> 901924245<\/span><span style=\"font-weight: 400;\"><br \/><\/span> <b>Correo electr\u00f3nico:<\/b><span style=\"font-weight: 400;\"> contacto@cafedelverde.com<\/span><\/p>\n<h3><b>1. Objeto<\/b><\/h3>\n<p><span style=\"font-weight: 400;\">La presente pol\u00edtica regula la recolecci\u00f3n, almacenamiento, uso, circulaci\u00f3n y supresi\u00f3n de los datos personales recolectados por ORGANICODE S.A.S. (en adelante \u201cDelverde\u201d) en el desarrollo de sus actividades comerciales, en cumplimiento de la Ley 1581 de 2012 y sus decretos reglamentarios.<\/span><\/p>\n<h3><b>2. Finalidades del tratamiento<\/b><\/h3>\n<p><span style=\"font-weight: 400;\">Delverde utilizar\u00e1 los datos personales de los usuarios para:<\/span><\/p>\n<ul>\n<li style=\"font-weight: 400;\" aria-level=\"1\"><span style=\"font-weight: 400;\">Procesar compras y pedidos.<\/span><span style=\"font-weight: 400;\"><br \/><br \/><\/span><\/li>\n<li style=\"font-weight: 400;\" aria-level=\"1\"><span style=\"font-weight: 400;\">Realizar actividades de atenci\u00f3n al cliente.<\/span><span style=\"font-weight: 400;\"><br \/><br \/><\/span><\/li>\n<li style=\"font-weight: 400;\" aria-level=\"1\"><span style=\"font-weight: 400;\">Gestionar comunicaciones comerciales y promocionales, propias o de aliados estrat\u00e9gicos.<\/span><span style=\"font-weight: 400;\"><br \/><br \/><\/span><\/li>\n<li style=\"font-weight: 400;\" aria-level=\"1\"><span style=\"font-weight: 400;\">Mejorar la experiencia del usuario en la web.<\/span><span style=\"font-weight: 400;\"><br \/><br \/><\/span><\/li>\n<li style=\"font-weight: 400;\" aria-level=\"1\"><span style=\"font-weight: 400;\">Realizar estudios de mercado, encuestas y an\u00e1lisis de comportamiento.<\/span><span style=\"font-weight: 400;\"><br \/><br \/><\/span><\/li>\n<li style=\"font-weight: 400;\" aria-level=\"1\"><span style=\"font-weight: 400;\">Cumplir con obligaciones legales y contractuales.<\/span><span style=\"font-weight: 400;\"><br \/><br \/><\/span><\/li>\n<\/ul>\n<h3><b>3. Derechos del titular<\/b><\/h3>\n<p><span style=\"font-weight: 400;\">El titular de los datos personales tiene derecho a:<\/span><\/p>\n<ul>\n<li style=\"font-weight: 400;\" aria-level=\"1\"><span style=\"font-weight: 400;\">Conocer, actualizar y rectificar sus datos.<\/span><span style=\"font-weight: 400;\"><br \/><br \/><\/span><\/li>\n<li style=\"font-weight: 400;\" aria-level=\"1\"><span style=\"font-weight: 400;\">Solicitar prueba de la autorizaci\u00f3n otorgada.<\/span><span style=\"font-weight: 400;\"><br \/><br \/><\/span><\/li>\n<li style=\"font-weight: 400;\" aria-level=\"1\"><span style=\"font-weight: 400;\">Ser informado sobre el uso de sus datos.<\/span><span style=\"font-weight: 400;\"><br \/><br \/><\/span><\/li>\n<li style=\"font-weight: 400;\" aria-level=\"1\"><span style=\"font-weight: 400;\">Revocar la autorizaci\u00f3n o solicitar la supresi\u00f3n de sus datos.<\/span><span style=\"font-weight: 400;\"><br \/><br \/><\/span><\/li>\n<li style=\"font-weight: 400;\" aria-level=\"1\"><span style=\"font-weight: 400;\">Presentar quejas ante la Superintendencia de Industria y Comercio.<\/span><span style=\"font-weight: 400;\"><br \/><br \/><\/span><\/li>\n<\/ul>\n<h3><b>4. Autorizaci\u00f3n<\/b><\/h3>\n<p><span style=\"font-weight: 400;\">El usuario autoriza expresamente a Delverde para el tratamiento de sus datos personales al registrarse en la p\u00e1gina web, comprar productos, comunicarse por canales oficiales o aceptar esta pol\u00edtica.<\/span><\/p>\n<h3><b>5. Seguridad<\/b><\/h3>\n<p><span style=\"font-weight: 400;\">Implementamos medidas de seguridad administrativas, t\u00e9cnicas y f\u00edsicas razonables para proteger los datos personales.<\/span><\/p>\n<h3><b>6. Transferencia y transmisi\u00f3n de datos<\/b><\/h3>\n<p><span style=\"font-weight: 400;\">Los datos podr\u00e1n ser compartidos con proveedores de servicios, plataformas tecnol\u00f3gicas, operadores log\u00edsticos o aliados estrat\u00e9gicos, dentro o fuera del pa\u00eds, siempre garantizando la confidencialidad y seguridad.<\/span><\/p>\n<h3><b>7. Vigencia<\/b><\/h3>\n<p><span style=\"font-weight: 400;\">Los datos personales ser\u00e1n tratados mientras persista la relaci\u00f3n con el usuario o hasta que este solicite su eliminaci\u00f3n.<\/span><\/p>\t\t\t\t\t\t\t\t<\/div>\n\t\t\t\t<\/div>\n\t\t\t\t\t<\/div>\n\t\t\t\t<\/div>\n\t\t\t\t<\/div>","protected":false},"excerpt":{"rendered":"<p>POL\u00cdTICA DE PRIVACIDAD Y TRATAMIENTO DE DATOS PERSONALES Fecha de \u00faltima actualizaci\u00f3n: 8 de mayo de 2025 Responsable del tratamiento: ORGANICODE S.A.S. NIT: 901924245 Correo electr\u00f3nico: contacto@cafedelverde.com 1. Objeto La presente pol\u00edtica regula la recolecci\u00f3n, almacenamiento, uso, circulaci\u00f3n y supresi\u00f3n de los datos personales recolectados por ORGANICODE S.A.S. (en adelante \u201cDelverde\u201d) en el desarrollo de [&hellip;]<\/p>\n","protected":false},"author":1,"featured_media":0,"parent":0,"menu_order":0,"comment_status":"closed","ping_status":"closed","template":"","meta":{"footnotes":""},"class_list":["post-3","page","type-page","status-publish","hentry"],"yoast_head":"<!-- This site is optimized with the Yoast SEO plugin v27.3 - https:\/\/yoast.com\/product\/yoast-seo-wordpress\/ -->\n<title>Pol\u00edtica de Privacidad - Delverde<\/title>\n<meta name=\"robots\" content=\"index, follow, max-snippet:-1, max-image-preview:large, max-video-preview:-1\" \/>\n<link rel=\"canonical\" href=\"https:\/\/cafedelverde.com\/en\/privacy-policy\/\" \/>\n<meta property=\"og:locale\" content=\"en_US\" \/>\n<meta property=\"og:type\" content=\"article\" \/>\n<meta property=\"og:title\" content=\"Pol\u00edtica de Privacidad - Delverde\" \/>\n<meta property=\"og:description\" content=\"POL\u00cdTICA DE PRIVACIDAD Y TRATAMIENTO DE DATOS PERSONALES Fecha de \u00faltima actualizaci\u00f3n: 8 de mayo de 2025 Responsable del tratamiento: ORGANICODE S.A.S. NIT: 901924245 Correo electr\u00f3nico: contacto@cafedelverde.com 1. Objeto La presente pol\u00edtica regula la recolecci\u00f3n, almacenamiento, uso, circulaci\u00f3n y supresi\u00f3n de los datos personales recolectados por ORGANICODE S.A.S. (en adelante \u201cDelverde\u201d) en el desarrollo de [&hellip;]\" \/>\n<meta property=\"og:url\" content=\"https:\/\/cafedelverde.com\/en\/privacy-policy\/\" \/>\n<meta property=\"og:site_name\" content=\"Delverde\" \/>\n<meta property=\"article:publisher\" content=\"https:\/\/www.facebook.com\/CafeDelverde\" \/>\n<meta property=\"article:modified_time\" content=\"2025-05-09T21:19:30+00:00\" \/>\n<meta name=\"twitter:card\" content=\"summary_large_image\" \/>\n<meta name=\"twitter:label1\" content=\"Est. reading time\" \/>\n\t<meta name=\"twitter:data1\" content=\"2 minutes\" \/>\n<script type=\"application\/ld+json\" class=\"yoast-schema-graph\">{\"@context\":\"https:\\\/\\\/schema.org\",\"@graph\":[{\"@type\":\"WebPage\",\"@id\":\"https:\\\/\\\/cafedelverde.com\\\/privacy-policy\\\/\",\"url\":\"https:\\\/\\\/cafedelverde.com\\\/privacy-policy\\\/\",\"name\":\"Pol\u00edtica de Privacidad - Delverde\",\"isPartOf\":{\"@id\":\"https:\\\/\\\/cafedelverde.com\\\/#website\"},\"datePublished\":\"2025-05-09T00:38:29+00:00\",\"dateModified\":\"2025-05-09T21:19:30+00:00\",\"breadcrumb\":{\"@id\":\"https:\\\/\\\/cafedelverde.com\\\/privacy-policy\\\/#breadcrumb\"},\"inLanguage\":\"en-US\",\"potentialAction\":[{\"@type\":\"ReadAction\",\"target\":[\"https:\\\/\\\/cafedelverde.com\\\/privacy-policy\\\/\"]}]},{\"@type\":\"BreadcrumbList\",\"@id\":\"https:\\\/\\\/cafedelverde.com\\\/privacy-policy\\\/#breadcrumb\",\"itemListElement\":[{\"@type\":\"ListItem\",\"position\":1,\"name\":\"Home\",\"item\":\"https:\\\/\\\/cafedelverde.com\\\/\"},{\"@type\":\"ListItem\",\"position\":2,\"name\":\"Pol\u00edtica de Privacidad\"}]},{\"@type\":\"WebSite\",\"@id\":\"https:\\\/\\\/cafedelverde.com\\\/#website\",\"url\":\"https:\\\/\\\/cafedelverde.com\\\/\",\"name\":\"Delverde\",\"description\":\"Transforma tu vida con el poder del Caf\u00e9 Verde Molido\",\"publisher\":{\"@id\":\"https:\\\/\\\/cafedelverde.com\\\/#organization\"},\"potentialAction\":[{\"@type\":\"SearchAction\",\"target\":{\"@type\":\"EntryPoint\",\"urlTemplate\":\"https:\\\/\\\/cafedelverde.com\\\/?s={search_term_string}\"},\"query-input\":{\"@type\":\"PropertyValueSpecification\",\"valueRequired\":true,\"valueName\":\"search_term_string\"}}],\"inLanguage\":\"en-US\"},{\"@type\":\"Organization\",\"@id\":\"https:\\\/\\\/cafedelverde.com\\\/#organization\",\"name\":\"Delverde\",\"url\":\"https:\\\/\\\/cafedelverde.com\\\/\",\"logo\":{\"@type\":\"ImageObject\",\"inLanguage\":\"en-US\",\"@id\":\"https:\\\/\\\/cafedelverde.com\\\/#\\\/schema\\\/logo\\\/image\\\/\",\"url\":\"https:\\\/\\\/cafedelverde.com\\\/wp-content\\\/uploads\\\/2025\\\/04\\\/logo-delverde-scaled.webp\",\"contentUrl\":\"https:\\\/\\\/cafedelverde.com\\\/wp-content\\\/uploads\\\/2025\\\/04\\\/logo-delverde-scaled.webp\",\"width\":1920,\"height\":1920,\"caption\":\"Delverde\"},\"image\":{\"@id\":\"https:\\\/\\\/cafedelverde.com\\\/#\\\/schema\\\/logo\\\/image\\\/\"},\"sameAs\":[\"https:\\\/\\\/www.facebook.com\\\/CafeDelverde\",\"https:\\\/\\\/www.instagram.com\\\/cafedelverde\\\/\",\"https:\\\/\\\/www.tiktok.com\\\/@cafedelverde\"]}]}<\/script>\n<!-- \/ Yoast SEO plugin. -->","yoast_head_json":{"title":"Pol\u00edtica de Privacidad - Delverde","robots":{"index":"index","follow":"follow","max-snippet":"max-snippet:-1","max-image-preview":"max-image-preview:large","max-video-preview":"max-video-preview:-1"},"canonical":"https:\/\/cafedelverde.com\/en\/privacy-policy\/","og_locale":"en_US","og_type":"article","og_title":"Pol\u00edtica de Privacidad - Delverde","og_description":"POL\u00cdTICA DE PRIVACIDAD Y TRATAMIENTO DE DATOS PERSONALES Fecha de \u00faltima actualizaci\u00f3n: 8 de mayo de 2025 Responsable del tratamiento: ORGANICODE S.A.S. NIT: 901924245 Correo electr\u00f3nico: contacto@cafedelverde.com 1. Objeto La presente pol\u00edtica regula la recolecci\u00f3n, almacenamiento, uso, circulaci\u00f3n y supresi\u00f3n de los datos personales recolectados por ORGANICODE S.A.S. (en adelante \u201cDelverde\u201d) en el desarrollo de [&hellip;]","og_url":"https:\/\/cafedelverde.com\/en\/privacy-policy\/","og_site_name":"Delverde","article_publisher":"https:\/\/www.facebook.com\/CafeDelverde","article_modified_time":"2025-05-09T21:19:30+00:00","twitter_card":"summary_large_image","twitter_misc":{"Est. reading time":"2 minutes"},"schema":{"@context":"https:\/\/schema.org","@graph":[{"@type":"WebPage","@id":"https:\/\/cafedelverde.com\/privacy-policy\/","url":"https:\/\/cafedelverde.com\/privacy-policy\/","name":"Pol\u00edtica de Privacidad - Delverde","isPartOf":{"@id":"https:\/\/cafedelverde.com\/#website"},"datePublished":"2025-05-09T00:38:29+00:00","dateModified":"2025-05-09T21:19:30+00:00","breadcrumb":{"@id":"https:\/\/cafedelverde.com\/privacy-policy\/#breadcrumb"},"inLanguage":"en-US","potentialAction":[{"@type":"ReadAction","target":["https:\/\/cafedelverde.com\/privacy-policy\/"]}]},{"@type":"BreadcrumbList","@id":"https:\/\/cafedelverde.com\/privacy-policy\/#breadcrumb","itemListElement":[{"@type":"ListItem","position":1,"name":"Home","item":"https:\/\/cafedelverde.com\/"},{"@type":"ListItem","position":2,"name":"Pol\u00edtica de Privacidad"}]},{"@type":"WebSite","@id":"https:\/\/cafedelverde.com\/#website","url":"https:\/\/cafedelverde.com\/","name":"Delverde","description":"Transform your life with the power of Ground Green Coffee","publisher":{"@id":"https:\/\/cafedelverde.com\/#organization"},"potentialAction":[{"@type":"SearchAction","target":{"@type":"EntryPoint","urlTemplate":"https:\/\/cafedelverde.com\/?s={search_term_string}"},"query-input":{"@type":"PropertyValueSpecification","valueRequired":true,"valueName":"search_term_string"}}],"inLanguage":"en-US"},{"@type":"Organization","@id":"https:\/\/cafedelverde.com\/#organization","name":"Delverde","url":"https:\/\/cafedelverde.com\/","logo":{"@type":"ImageObject","inLanguage":"en-US","@id":"https:\/\/cafedelverde.com\/#\/schema\/logo\/image\/","url":"https:\/\/cafedelverde.com\/wp-content\/uploads\/2025\/04\/logo-delverde-scaled.webp","contentUrl":"https:\/\/cafedelverde.com\/wp-content\/uploads\/2025\/04\/logo-delverde-scaled.webp","width":1920,"height":1920,"caption":"Delverde"},"image":{"@id":"https:\/\/cafedelverde.com\/#\/schema\/logo\/image\/"},"sameAs":["https:\/\/www.facebook.com\/CafeDelverde","https:\/\/www.instagram.com\/cafedelverde\/","https:\/\/www.tiktok.com\/@cafedelverde"]}]}},"brizy_media":[],"_links":{"self":[{"href":"https:\/\/cafedelverde.com\/en\/wp-json\/wp\/v2\/pages\/3","targetHints":{"allow":["GET"]}}],"collection":[{"href":"https:\/\/cafedelverde.com\/en\/wp-json\/wp\/v2\/pages"}],"about":[{"href":"https:\/\/cafedelverde.com\/en\/wp-json\/wp\/v2\/types\/page"}],"author":[{"embeddable":true,"href":"https:\/\/cafedelverde.com\/en\/wp-json\/wp\/v2\/users\/1"}],"replies":[{"embeddable":true,"href":"https:\/\/cafedelverde.com\/en\/wp-json\/wp\/v2\/comments?post=3"}],"version-history":[{"count":5,"href":"https:\/\/cafedelverde.com\/en\/wp-json\/wp\/v2\/pages\/3\/revisions"}],"predecessor-version":[{"id":6060,"href":"https:\/\/cafedelverde.com\/en\/wp-json\/wp\/v2\/pages\/3\/revisions\/6060"}],"wp:attachment":[{"href":"https:\/\/cafedelverde.com\/en\/wp-json\/wp\/v2\/media?parent=3"}],"curies":[{"name":"wp","href":"https:\/\/api.w.org\/{rel}","templated":true}]}}